{"id":302,"date":"2015-02-04T14:58:16","date_gmt":"2015-02-04T14:58:16","guid":{"rendered":"http:\/\/www.petanque-kronshagen.de\/?page_id=302"},"modified":"2019-02-15T19:17:30","modified_gmt":"2019-02-15T19:17:30","slug":"chronik","status":"publish","type":"page","link":"https:\/\/www.petanque-kronshagen.de\/?page_id=302","title":{"rendered":"Chronik"},"content":{"rendered":"<p style=\"text-align: center;\"><div id=\"metaslider-id-684\" style=\"max-width: 700px; margin: 0 auto;\" class=\"ml-slider-3-104-0 metaslider metaslider-responsive metaslider-684 ml-slider ms-theme-default\" role=\"region\" aria-label=\"Chronik\" data-height=\"400\" data-width=\"700\">\n    <div id=\"metaslider_container_684\">\n        <ul id='metaslider_684' class='rslides'>\n            <li aria-roledescription='slide' aria-labelledby='slide-0'><img loading=\"lazy\" decoding=\"async\" src=\"https:\/\/www.petanque-kronshagen.de\/wp-content\/uploads\/2015\/07\/scan0014-e1436871593362-700x400.jpg\" height=\"400\" width=\"700\" alt=\"\" class=\"slider-684 slide-872 msDefaultImage\" \/><\/li>\n            <li style='display: none;' aria-roledescription='slide' aria-labelledby='slide-1'><img loading=\"lazy\" decoding=\"async\" src=\"https:\/\/www.petanque-kronshagen.de\/wp-content\/uploads\/2015\/07\/scan0003-e1436871189890-700x400.jpg\" height=\"400\" width=\"700\" alt=\"\" class=\"slider-684 slide-861 msDefaultImage\" \/><\/li>\n            <li style='display: none;' aria-roledescription='slide' aria-labelledby='slide-2'><img loading=\"lazy\" decoding=\"async\" src=\"https:\/\/www.petanque-kronshagen.de\/wp-content\/uploads\/2015\/07\/scan0004-e1436871224596-700x400.jpg\" height=\"400\" width=\"700\" alt=\"\" class=\"slider-684 slide-862 msDefaultImage\" \/><\/li>\n            <li style='display: none;' aria-roledescription='slide' aria-labelledby='slide-3'><img loading=\"lazy\" decoding=\"async\" src=\"https:\/\/www.petanque-kronshagen.de\/wp-content\/uploads\/2015\/07\/scan0005-e1436871257633-700x400.jpg\" height=\"400\" width=\"700\" alt=\"\" class=\"slider-684 slide-863 msDefaultImage\" \/><\/li>\n            <li style='display: none;' aria-roledescription='slide' aria-labelledby='slide-4'><img loading=\"lazy\" decoding=\"async\" src=\"https:\/\/www.petanque-kronshagen.de\/wp-content\/uploads\/2015\/07\/scan0006-e1436871290669-700x400.jpg\" height=\"400\" width=\"700\" alt=\"\" class=\"slider-684 slide-864 msDefaultImage\" \/><\/li>\n            <li style='display: none;' aria-roledescription='slide' aria-labelledby='slide-5'><img loading=\"lazy\" decoding=\"async\" src=\"https:\/\/www.petanque-kronshagen.de\/wp-content\/uploads\/2015\/07\/scan0007-e1436871326643-700x400.jpg\" height=\"400\" width=\"700\" alt=\"\" class=\"slider-684 slide-865 msDefaultImage\" \/><\/li>\n            <li style='display: none;' aria-roledescription='slide' aria-labelledby='slide-6'><img loading=\"lazy\" decoding=\"async\" src=\"https:\/\/www.petanque-kronshagen.de\/wp-content\/uploads\/2015\/07\/scan0008-e1436871359200-700x400.jpg\" height=\"400\" width=\"700\" alt=\"\" class=\"slider-684 slide-866 msDefaultImage\" \/><\/li>\n            <li style='display: none;' aria-roledescription='slide' aria-labelledby='slide-7'><img loading=\"lazy\" decoding=\"async\" src=\"https:\/\/www.petanque-kronshagen.de\/wp-content\/uploads\/2015\/07\/scan0010-e1436871428700-700x400.jpg\" height=\"400\" width=\"700\" alt=\"\" class=\"slider-684 slide-868 msDefaultImage\" \/><\/li>\n            <li style='display: none;' aria-roledescription='slide' aria-labelledby='slide-8'><img loading=\"lazy\" decoding=\"async\" src=\"https:\/\/www.petanque-kronshagen.de\/wp-content\/uploads\/2015\/07\/scan0011-e1436871464401-700x400.jpg\" height=\"400\" width=\"700\" alt=\"\" class=\"slider-684 slide-869 msDefaultImage\" \/><\/li>\n            <li style='display: none;' aria-roledescription='slide' aria-labelledby='slide-9'><img loading=\"lazy\" decoding=\"async\" src=\"https:\/\/www.petanque-kronshagen.de\/wp-content\/uploads\/2015\/07\/scan0012-e1436871497475-700x400.jpg\" height=\"400\" width=\"700\" alt=\"\" class=\"slider-684 slide-870 msDefaultImage\" \/><\/li>\n            <li style='display: none;' aria-roledescription='slide' aria-labelledby='slide-10'><img loading=\"lazy\" decoding=\"async\" src=\"https:\/\/www.petanque-kronshagen.de\/wp-content\/uploads\/2015\/07\/scan0009-e1436872071403-700x400.jpg\" height=\"400\" width=\"700\" alt=\"\" class=\"slider-684 slide-867 msDefaultImage\" \/><\/li>\n            <li style='display: none;' aria-roledescription='slide' aria-labelledby='slide-11'><img loading=\"lazy\" decoding=\"async\" src=\"https:\/\/www.petanque-kronshagen.de\/wp-content\/uploads\/2015\/07\/scan0013-e1436871533178-700x400.jpg\" height=\"400\" width=\"700\" alt=\"\" class=\"slider-684 slide-871 msDefaultImage\" \/><\/li>\n            <li style='display: none;' aria-roledescription='slide' aria-labelledby='slide-12'><img loading=\"lazy\" decoding=\"async\" src=\"https:\/\/www.petanque-kronshagen.de\/wp-content\/uploads\/2015\/05\/20130426_161455-e1432835502454-700x400.jpg\" height=\"400\" width=\"700\" alt=\"\" class=\"slider-684 slide-695 msDefaultImage\" \/><\/li>\n            <li style='display: none;' aria-roledescription='slide' aria-labelledby='slide-13'><img loading=\"lazy\" decoding=\"async\" src=\"https:\/\/www.petanque-kronshagen.de\/wp-content\/uploads\/2015\/06\/20130430_181601-e1435168942789-700x400.jpg\" height=\"400\" width=\"700\" alt=\"\" class=\"slider-684 slide-793 msDefaultImage\" \/><\/li>\n            <li style='display: none;' aria-roledescription='slide' aria-labelledby='slide-14'><img loading=\"lazy\" decoding=\"async\" src=\"https:\/\/www.petanque-kronshagen.de\/wp-content\/uploads\/2015\/06\/20130430_181642-e1435168976540-700x400.jpg\" height=\"400\" width=\"700\" alt=\"\" class=\"slider-684 slide-794 msDefaultImage\" \/><\/li>\n        <\/ul>\n        \n    <\/div>\n<\/div><\/p>\n<p><strong>Kieler Nachrichten vom 14.02.2019<\/strong><\/p>\n<p><a href=\"https:\/\/www.petanque-kronshagen.de\/wp-content\/uploads\/2019\/02\/20190215_184102.jpg\"><img loading=\"lazy\" decoding=\"async\" class=\"alignnone size-full wp-image-1958\" src=\"https:\/\/www.petanque-kronshagen.de\/wp-content\/uploads\/2019\/02\/20190215_184102.jpg\" alt=\"\" width=\"2916\" height=\"3493\" \/><\/a><\/p>\n<p><strong>Boule in Kronshagen seit 1987<\/strong><\/p>\n<p>Vier Herren trafen sich 1987, um Boule zu spielen. Damals noch im Gartengel\u00e4nde in Suchsdorf nahe der Au.\u00a0 Einer der Herren hatte Boulekugeln aus S\u00fcdfrankreich in zwei Holzkistchen mitgebracht. Die Spielanleitung ging leider verloren, so \u00fcbten sich die vier Herren im freien Spiel auf den Gartenwegen. Munter ging es zu bei diesen Treffen, Bier, Rotwein und Baguette durften dabei nicht fehlen. Doch dann erlernte einer der vier das regelrechte Spiel w\u00e4hrend eines Urlaubs in Schweden und so gr\u00fcndeten sie die Spielgemeinschaft<em><strong> P\u00e9tanque-Kronshagen<\/strong>. <\/em>Jetzt gen\u00fcgte das Gartengel\u00e4nde ihren Anspr\u00fcchen nicht mehr. 1991 stellte die Gemeinde Kronshagen den Platz an der Fu\u00dfsteigkoppel zur Verf\u00fcgung und im Oktober desselben Jahres fand das Er\u00f6ffnungsturnier unter Beteiligung der damaligen B\u00fcrgervertreterin statt. Wenngleich am Anfang M\u00e4nner das Boulespiel dominierten, gesellten sich im Laufe der Zeit\u00a0 die Ehefrauen und neue MitspielerInnen hinzu. Das K\u00f6nnen und die Spielkultur einzelner Mitglieder f\u00fchrte dazu, dass die Spielgemeinschaft mit zwei Teams am Ligaspielbetrieb des Landesverbandes Nord teilnahm. 2014 erweiterte die Gemeinde das Spielfeld und stattete es mit einer Lichtanlage aus, so dass auch im Winter gespielt werden kann. Doch in erster Linie ist es f\u00fcr alle ein guter Anlass, sich in Kopperpahl zu treffen, die Kugeln zu werfen und Freude am Wettstreit um die beste Kugel zu haben. Wissenschaftler aus Montpellier stellten bereits im 16. Jahrhundert den gesundheitlichen Nutzen dieses Sports fest: &#8222;<em>Es gibt keinen Rheumatismus oder \u00e4hnliche Leiden, die nicht durch dieses Spiel vereitelt werden k\u00f6nnen. Es ist f\u00fcr jede Altersstufe geeignet.&#8220;<\/em><\/p>\n<p><a href=\"https:\/\/www.petanque-kronshagen.de\/wp-content\/uploads\/2015\/02\/scan00151-e1436873040766.jpg\"><img loading=\"lazy\" decoding=\"async\" class=\" size-large wp-image-878 aligncenter\" src=\"https:\/\/www.petanque-kronshagen.de\/wp-content\/uploads\/2015\/02\/scan00151-723x1024.jpg\" alt=\"scan0015\" width=\"660\" height=\"935\" \/><\/a><a href=\"https:\/\/www.petanque-kronshagen.de\/wp-content\/uploads\/2015\/02\/Unbenanntes_Panorama11-e1436872910941.jpg\"><img loading=\"lazy\" decoding=\"async\" class=\" size-large wp-image-877 aligncenter\" src=\"https:\/\/www.petanque-kronshagen.de\/wp-content\/uploads\/2015\/02\/Unbenanntes_Panorama11-926x1024.jpg\" alt=\"Unbenanntes_Panorama1\" width=\"660\" height=\"730\" \/><\/a><\/p>\n<p style=\"text-align: center;\">Juli 2002<\/p>\n<p><a href=\"https:\/\/www.petanque-kronshagen.de\/wp-content\/uploads\/2015\/02\/scan0016-e1436873091182.jpg\"><img loading=\"lazy\" decoding=\"async\" class=\" size-large wp-image-879 aligncenter\" src=\"https:\/\/www.petanque-kronshagen.de\/wp-content\/uploads\/2015\/02\/scan0016-723x1024.jpg\" alt=\"scan0016\" width=\"660\" height=\"935\" \/><\/a><a href=\"https:\/\/www.petanque-kronshagen.de\/wp-content\/uploads\/2015\/02\/scan0017-e1436873146973.jpg\"><img loading=\"lazy\" decoding=\"async\" class=\" size-large wp-image-880 aligncenter\" src=\"https:\/\/www.petanque-kronshagen.de\/wp-content\/uploads\/2015\/02\/scan0017-1024x704.jpg\" alt=\"scan0017\" width=\"660\" height=\"454\" \/><\/a><\/p>\n<p><a href=\"https:\/\/www.petanque-kronshagen.de\/?attachment_id=1418\" rel=\"attachment wp-att-1418\"><img loading=\"lazy\" decoding=\"async\" class=\"wp-image-1418 alignleft\" src=\"https:\/\/www.petanque-kronshagen.de\/wp-content\/uploads\/2015\/02\/img_SPK-logo.jpg\" alt=\"img_SPK-logo\" width=\"128\" height=\"144\" \/><\/a><\/p>\n<p><a href=\"mailto:petanque.kronshagen@gmail.com\">petanque.kronshagen@gmail.com<\/a><\/p>\n","protected":false},"excerpt":{"rendered":"<p>Kieler Nachrichten vom 14.02.2019 Boule in Kronshagen seit 1987 Vier Herren trafen sich 1987, um Boule zu spielen. Damals noch im Gartengel\u00e4nde in Suchsdorf nahe der Au.\u00a0 Einer der Herren hatte Boulekugeln aus S\u00fcdfrankreich in zwei Holzkistchen mitgebracht. Die Spielanleitung ging leider verloren, so \u00fcbten sich die vier Herren im &#8230;<\/p>\n","protected":false},"author":5,"featured_media":0,"parent":0,"menu_order":0,"comment_status":"closed","ping_status":"open","template":"","meta":{"_bbp_topic_count":0,"_bbp_reply_count":0,"_bbp_total_topic_count":0,"_bbp_total_reply_count":0,"_bbp_voice_count":0,"_bbp_anonymous_reply_count":0,"_bbp_topic_count_hidden":0,"_bbp_reply_count_hidden":0,"_bbp_forum_subforum_count":0,"ngg_post_thumbnail":0,"footnotes":""},"class_list":["post-302","page","type-page","status-publish","hentry","column","threecol"],"_links":{"self":[{"href":"https:\/\/www.petanque-kronshagen.de\/index.php?rest_route=\/wp\/v2\/pages\/302","targetHints":{"allow":["GET"]}}],"collection":[{"href":"https:\/\/www.petanque-kronshagen.de\/index.php?rest_route=\/wp\/v2\/pages"}],"about":[{"href":"https:\/\/www.petanque-kronshagen.de\/index.php?rest_route=\/wp\/v2\/types\/page"}],"author":[{"embeddable":true,"href":"https:\/\/www.petanque-kronshagen.de\/index.php?rest_route=\/wp\/v2\/users\/5"}],"replies":[{"embeddable":true,"href":"https:\/\/www.petanque-kronshagen.de\/index.php?rest_route=%2Fwp%2Fv2%2Fcomments&post=302"}],"version-history":[{"count":23,"href":"https:\/\/www.petanque-kronshagen.de\/index.php?rest_route=\/wp\/v2\/pages\/302\/revisions"}],"predecessor-version":[{"id":1961,"href":"https:\/\/www.petanque-kronshagen.de\/index.php?rest_route=\/wp\/v2\/pages\/302\/revisions\/1961"}],"wp:attachment":[{"href":"https:\/\/www.petanque-kronshagen.de\/index.php?rest_route=%2Fwp%2Fv2%2Fmedia&parent=302"}],"curies":[{"name":"wp","href":"https:\/\/api.w.org\/{rel}","templated":true}]}}