{"id":170,"date":"2015-02-03T11:36:13","date_gmt":"2015-02-03T11:36:13","guid":{"rendered":"http:\/\/www.petanque-kronshagen.de\/?page_id=170"},"modified":"2026-03-29T17:41:43","modified_gmt":"2026-03-29T17:41:43","slug":"vereinsmeisterschaft","status":"publish","type":"page","link":"https:\/\/www.petanque-kronshagen.de\/?page_id=170","title":{"rendered":"Vereinsmeisterschaft 2026"},"content":{"rendered":"\n<p class=\"has-text-align-center\"><br><strong>Freitag 17. Juli 2026, Beginn 17 Uhr<\/strong><\/p>\n\n\n\n<p>Wo: Auf dem Bouleplatz in Kronshagen<br>Formation: Doublette formee<br>Modus: je nach Anzahl Teilnehmerteams<br>Beginn: 17 Uhr, Einschreibeschluss 16:30 Uhr<br>Voranmeldung: Erforderlich bis 16. Juli 2026, 23:59 Uhr<br>Verpflegung: Beitrag zum Buffet, Getr\u00e4nke eigenverantwortlich<br>M\u00fcllvermeidung: Mitbringen von Besteck, Trinkgef\u00e4\u00dfen, Tellern u. a.<\/p>\n\n\n\n<p>Anmeldung an: Wilfried T\u00f6hl<br>w.toehl@t-online.de<\/p>\n\n\n\n<p>Wir freuen uns auf Euch<\/p>\n\n\n\n<p>Abbas, Omar und Willi<\/p>\n\n\n\n<p><\/p>\n\n\n\n<p>________________________________________________________________________________________________________________<\/p>\n\n\n\n<p><\/p>\n\n\n\n<p><\/p>\n\n\n\n<p><\/p>\n\n\n\n<\/p>\n<p><span style=\"color: #ff0000;\"><strong>VEREINSMEISTER DOUBLETTE 2025<\/strong><\/span><\/p>\n<p><strong>ABBAS und OMAR<\/strong> 13<\/p>\n<p>Vize : Sylvie und Willi 9<\/p>\n<p>\n\n\n<p>_______________________________________________________________________________________________________<\/p>\n<p><span style=\"color: #ff0000;\">VEREINSMEISTERINNEN DOUBLETTE 2024<\/span><\/p>\n<p><strong>Chan und Helmut<\/strong><\/p>\n<p>Vize: Paule (Rainer) und Thomas<\/p>\n<p>___________________________________________________________________________________________________________<\/p>\n<p><span style=\"color: #ff0000;\">VEREINSMEISTERINNEN DOUBLETTE 2023<\/span><\/p>\n<p><strong><span style=\"color: #000000;\">Gabi und Ingo<\/span><\/strong><\/p>\n<p>Vize: Sylvie und Axel<\/p>\n<p>________________________________________________________________________________________________________________<\/p>\n<p style=\"text-align: left;\"><span style=\"color: #ff0000;\"><strong>VEREINZMEISTER DOUBLETTE 2022<\/strong><\/span><\/p>\n<p><span style=\"color: #000000;\"><strong>Nico und Willi<\/strong><\/span><\/p>\n<p>Vize : Katja und Nils<\/p>\n<p>________________________________________________________________________________-<\/p>\n<p><span style=\"color: #ff0000;\"><strong>VEREINSMEISTER DOUBLETTE\u00a0 2021<\/strong><br \/><\/span><\/p>\n<p><strong>Bierson und Holger<\/strong><\/p>\n<p>Vize :\u00a0 Nico und Jan<\/p>\n<p>______________________________________________________________________________<\/p>\n<p><span style=\"color: #ff0000;\"><strong>VEREINSMEISTER DOUBLETTE 2020<\/strong><\/span><\/p>\n<p><strong>Bierson und Holger<\/strong><\/p>\n<p>Vize:\u00a0 Nico und Hans<\/p>\n<p>_______________________________________________________________________<\/p>\n<p><strong><span style=\"color: #ff0000;\">VEREINSMEISTER DOUBLETTE 2019<\/span><\/strong><\/p>\n<p><strong>Bierson und Holger<\/strong><\/p>\n<p>____________________________________________________________________________<\/p>\n<p><strong>Vereinsmeister Doublette 2018\u00a0\u00a0<\/strong><\/p>\n<p><strong>\u00a0Hans und Nikolai<\/strong><\/p>\n<p><strong>Vize: ???<\/strong><\/p>\n<p>_____________________________________________________________________________<\/p>\n<p><strong>Vereinsmeister Doublette 2017<\/strong><\/p>\n<p><strong>Wolfgang und Holger<\/strong><\/p>\n<p><strong>Vize: Axel und Peter<\/strong><\/p>\n<p>____________________________________________________________________________<\/p>\n<p><strong>\u00a0<\/strong><\/p>\n<p><a href=\"https:\/\/www.petanque-kronshagen.de\/?attachment_id=1418\" rel=\"attachment wp-att-1418\"><img loading=\"lazy\" decoding=\"async\" class=\"wp-image-1418 alignleft\" src=\"\/wp-content\/uploads\/2015\/02\/img_SPK-logo.jpg\" alt=\"img_SPK-logo\" width=\"127\" height=\"143\" \/><\/a><\/p>\n<p><a href=\"mailto:petanque.kronshagen@gmail.com\">petanque.kronshagen@gmail.com<\/a><\/p>","protected":false},"excerpt":{"rendered":"<p>Freitag 17. Juli 2026, Beginn 17 Uhr Wo: Auf dem Bouleplatz in KronshagenFormation: Doublette formeeModus: je nach Anzahl TeilnehmerteamsBeginn: 17 Uhr, Einschreibeschluss 16:30 UhrVoranmeldung: Erforderlich bis 16. Juli 2026, 23:59 UhrVerpflegung: Beitrag zum Buffet, Getr\u00e4nke eigenverantwortlichM\u00fcllvermeidung: Mitbringen von Besteck, Trinkgef\u00e4\u00dfen, Tellern u. a. Anmeldung an: Wilfried T\u00f6hlw.toehl@t-online.de Wir freuen uns &#8230;<\/p>\n","protected":false},"author":5,"featured_media":0,"parent":0,"menu_order":0,"comment_status":"closed","ping_status":"open","template":"","meta":{"_bbp_topic_count":0,"_bbp_reply_count":0,"_bbp_total_topic_count":0,"_bbp_total_reply_count":0,"_bbp_voice_count":0,"_bbp_anonymous_reply_count":0,"_bbp_topic_count_hidden":0,"_bbp_reply_count_hidden":0,"_bbp_forum_subforum_count":0,"ngg_post_thumbnail":0,"footnotes":""},"class_list":["post-170","page","type-page","status-publish","hentry","column","threecol"],"_links":{"self":[{"href":"https:\/\/www.petanque-kronshagen.de\/index.php?rest_route=\/wp\/v2\/pages\/170","targetHints":{"allow":["GET"]}}],"collection":[{"href":"https:\/\/www.petanque-kronshagen.de\/index.php?rest_route=\/wp\/v2\/pages"}],"about":[{"href":"https:\/\/www.petanque-kronshagen.de\/index.php?rest_route=\/wp\/v2\/types\/page"}],"author":[{"embeddable":true,"href":"https:\/\/www.petanque-kronshagen.de\/index.php?rest_route=\/wp\/v2\/users\/5"}],"replies":[{"embeddable":true,"href":"https:\/\/www.petanque-kronshagen.de\/index.php?rest_route=%2Fwp%2Fv2%2Fcomments&post=170"}],"version-history":[{"count":81,"href":"https:\/\/www.petanque-kronshagen.de\/index.php?rest_route=\/wp\/v2\/pages\/170\/revisions"}],"predecessor-version":[{"id":2625,"href":"https:\/\/www.petanque-kronshagen.de\/index.php?rest_route=\/wp\/v2\/pages\/170\/revisions\/2625"}],"wp:attachment":[{"href":"https:\/\/www.petanque-kronshagen.de\/index.php?rest_route=%2Fwp%2Fv2%2Fmedia&parent=170"}],"curies":[{"name":"wp","href":"https:\/\/api.w.org\/{rel}","templated":true}]}}