{"id":134,"date":"2015-02-03T10:49:39","date_gmt":"2015-02-03T10:49:39","guid":{"rendered":"http:\/\/www.petanque-kronshagen.de\/?page_id=134"},"modified":"2017-12-12T20:35:31","modified_gmt":"2017-12-12T20:35:31","slug":"notizen","status":"publish","type":"page","link":"https:\/\/www.petanque-kronshagen.de\/?page_id=134","title":{"rendered":"Notizen"},"content":{"rendered":"<p style=\"text-align: center;\"><div id=\"metaslider-id-649\" style=\"max-width: 700px; margin: 0 auto;\" class=\"ml-slider-3-104-0 metaslider metaslider-responsive metaslider-649 ml-slider ms-theme-default\" role=\"region\" aria-label=\"Notizen\" data-height=\"400\" data-width=\"700\">\n    <div id=\"metaslider_container_649\">\n        <ul id='metaslider_649' class='rslides'>\n            <li aria-roledescription='slide' aria-labelledby='slide-0'><img loading=\"lazy\" decoding=\"async\" src=\"https:\/\/www.petanque-kronshagen.de\/wp-content\/uploads\/2017\/03\/IMG_5967-e1490724493792-700x400.jpg\" height=\"400\" width=\"700\" alt=\"\" class=\"slider-649 slide-1795 msDefaultImage\" \/><\/li>\n            <li style='display: none;' aria-roledescription='slide' aria-labelledby='slide-1'><img loading=\"lazy\" decoding=\"async\" src=\"https:\/\/www.petanque-kronshagen.de\/wp-content\/uploads\/2017\/03\/DSCF0145-K-2-e1490718307241-700x400.jpg\" height=\"400\" width=\"700\" alt=\"\" class=\"slider-649 slide-1790 msDefaultImage\" \/><\/li>\n            <li style='display: none;' aria-roledescription='slide' aria-labelledby='slide-2'><img loading=\"lazy\" decoding=\"async\" src=\"https:\/\/www.petanque-kronshagen.de\/wp-content\/uploads\/2017\/03\/DSCF0072-K-2-e1490718382207-700x400.jpg\" height=\"400\" width=\"700\" alt=\"\" class=\"slider-649 slide-1792 msDefaultImage\" \/><\/li>\n            <li style='display: none;' aria-roledescription='slide' aria-labelledby='slide-3'><img loading=\"lazy\" decoding=\"async\" src=\"https:\/\/www.petanque-kronshagen.de\/wp-content\/uploads\/2017\/03\/IMG_5959-e1490541069587-700x400.jpg\" height=\"400\" width=\"700\" alt=\"\" class=\"slider-649 slide-1781 msDefaultImage\" \/><\/li>\n            <li style='display: none;' aria-roledescription='slide' aria-labelledby='slide-4'><img loading=\"lazy\" decoding=\"async\" src=\"https:\/\/www.petanque-kronshagen.de\/wp-content\/uploads\/2017\/03\/IMG_5957-e1490540524853-700x400.jpg\" height=\"400\" width=\"700\" alt=\"\" class=\"slider-649 slide-1772 msDefaultImage\" \/><\/li>\n            <li style='display: none;' aria-roledescription='slide' aria-labelledby='slide-5'><img loading=\"lazy\" decoding=\"async\" src=\"https:\/\/www.petanque-kronshagen.de\/wp-content\/uploads\/2015\/02\/IMG_0770-e1474742135997-700x400.jpg\" height=\"400\" width=\"700\" alt=\"\" class=\"slider-649 slide-1630 msDefaultImage\" \/><\/li>\n            <li style='display: none;' aria-roledescription='slide' aria-labelledby='slide-6'><img loading=\"lazy\" decoding=\"async\" src=\"https:\/\/www.petanque-kronshagen.de\/wp-content\/uploads\/2015\/09\/cid_5CA64211-DF2D-4C5B-AC81-A9043611CC87-e1442774817276-630x360.jpg\" height=\"400\" width=\"700\" alt=\"\" class=\"slider-649 slide-1018 msDefaultImage\" \/><\/li>\n            <li style='display: none;' aria-roledescription='slide' aria-labelledby='slide-7'><img loading=\"lazy\" decoding=\"async\" src=\"https:\/\/www.petanque-kronshagen.de\/wp-content\/uploads\/2015\/05\/DSC_0654-e1432819723936-700x400.jpg\" height=\"400\" width=\"700\" alt=\"\" class=\"slider-649 slide-654 msDefaultImage\" \/><\/li>\n        <\/ul>\n        \n    <\/div>\n<\/div><\/p>\n<p><strong>\u00a0<\/strong><\/p>\n<p><strong>Gewinner Saisoner\u00f6ffnungs-Turnier 2017<\/strong><\/p>\n<p><a href=\"https:\/\/www.petanque-kronshagen.de\/?attachment_id=1775\" rel=\"attachment wp-att-1775\"><img loading=\"lazy\" decoding=\"async\" class=\"wp-image-1775 alignleft\" src=\"\/wp-content\/uploads\/2015\/02\/IMG_596400-470x1024.jpg\" alt=\"\" width=\"86\" height=\"180\" \/><br \/>\n<\/a><\/p>\n<p>&nbsp;<\/p>\n<p>&nbsp;<\/p>\n<p>&nbsp;<\/p>\n<p>&nbsp;<\/p>\n<p>&nbsp;<\/p>\n<p><strong>09. April 2017 &#8211; 24. September 2017<\/strong><\/p>\n<p><strong>Jubil\u00e4umsjahr-Sonntags-Punktspiele<\/strong><\/p>\n<p>nur f\u00fcr Mitglieder mit Anmeldung<\/p>\n<p>&nbsp;<\/p>\n<p><strong>28. Juli 2017, 18.00 Uhr<\/strong><\/p>\n<p><strong>Jubil\u00e4umsfeier zum drei\u00dfigj\u00e4hrigen Bestehen<\/strong><\/p>\n<p>der Spielgemeinschaft P\u00e9tanque Kronshagen<\/p>\n<p>Restaurant Alssos, Kopperpahler Teich 9, 24118 Kiel<\/p>\n<p>mit Einladung<\/p>\n<p><a href=\"https:\/\/www.petanque-kronshagen.de\/?attachment_id=1738\" rel=\"attachment wp-att-1738\"><img loading=\"lazy\" decoding=\"async\" class=\"wp-image-1738 alignleft\" src=\"\/wp-content\/uploads\/2015\/02\/images3HKYERK0klein.jpg\" alt=\"\" width=\"195\" height=\"243\" \/><\/a><\/p>\n<p>&nbsp;<\/p>\n<p>&nbsp;<\/p>\n<p>&nbsp;<\/p>\n<p>&nbsp;<\/p>\n<p>&nbsp;<\/p>\n<p>&nbsp;<\/p>\n<p><strong>13. August 2017, 11.00 Uhr<\/strong><\/p>\n<p><strong>Sektempfang\u00a0zum \u00a0drei\u00dfigj\u00e4hrigen Bestehen<\/strong><\/p>\n<p>der Spielgemeinschaft P\u00e9tanque Kronshagen<\/p>\n<p>auf\u00a0unserem \u00a0Boule-Platz Fu\u00dfsteigkoppel<\/p>\n<p>mit Einladung<\/p>\n<p>&nbsp;<\/p>\n<p><a href=\"https:\/\/www.petanque-kronshagen.de\/?attachment_id=1717\" rel=\"attachment wp-att-1717\"><img loading=\"lazy\" decoding=\"async\" class=\"wp-image-1717 alignleft\" src=\"\/wp-content\/uploads\/2017\/01\/IMG_0620-1024x768.jpg\" alt=\"\" width=\"266\" height=\"201\" \/><\/a><\/p>\n<p>&nbsp;<\/p>\n<p>&nbsp;<\/p>\n<p>&nbsp;<\/p>\n<p>&nbsp;<\/p>\n<p>&nbsp;<\/p>\n<p><strong>Eisstockschie\u00dfen<\/strong><\/p>\n<p>Finale 2017<\/p>\n<p>&nbsp;<\/p>\n<p><strong>Ligacup 24. September 20<\/strong><strong>16 in Raisdorf<\/strong><\/p>\n<p><a href=\"https:\/\/www.petanque-kronshagen.de\/?attachment_id=1630\" rel=\"attachment wp-att-1630\"><img loading=\"lazy\" decoding=\"async\" class=\"wp-image-1630 alignleft\" src=\"\/wp-content\/uploads\/2015\/02\/IMG_0770-1024x1024.jpg\" alt=\"img_0770\" width=\"222\" height=\"222\" \/><\/a><\/p>\n<p>&nbsp;<\/p>\n<p>&nbsp;<\/p>\n<p>&nbsp;<\/p>\n<p>&nbsp;<\/p>\n<p>&nbsp;<\/p>\n<p>&nbsp;<\/p>\n<p>&nbsp;<\/p>\n<p>alle Jahre wieder&#8230;<\/p>\n<p><strong>Platzpflege 2016<\/strong><\/p>\n<p><a href=\"https:\/\/www.petanque-kronshagen.de\/?attachment_id=1389\" rel=\"attachment wp-att-1389\"><img loading=\"lazy\" decoding=\"async\" class=\"wp-image-1389 alignleft\" src=\"\/wp-content\/uploads\/2015\/02\/IMG_5827-1024x768.jpg\" alt=\"IMG_5827\" width=\"189\" height=\"143\" srcset=\"https:\/\/www.petanque-kronshagen.de\/wp-content\/uploads\/2015\/02\/IMG_5827-1024x768.jpg 1024w, https:\/\/www.petanque-kronshagen.de\/wp-content\/uploads\/2015\/02\/IMG_5827-300x225.jpg 300w, https:\/\/www.petanque-kronshagen.de\/wp-content\/uploads\/2015\/02\/IMG_5827-768x576.jpg 768w, https:\/\/www.petanque-kronshagen.de\/wp-content\/uploads\/2015\/02\/IMG_5827-700x525.jpg 700w\" sizes=\"auto, (max-width: 189px) 100vw, 189px\" \/><\/a><\/p>\n<p>&nbsp;<\/p>\n<p>&nbsp;<\/p>\n<p>&nbsp;<\/p>\n<p>&nbsp;<\/p>\n<p>&nbsp;<\/p>\n<p><strong>Platzpflege 2015<\/strong><\/p>\n<p><a href=\"https:\/\/www.petanque-kronshagen.de\/?attachment_id=1385\" rel=\"attachment wp-att-1385\"><img loading=\"lazy\" decoding=\"async\" class=\"wp-image-1385 alignleft\" src=\"\/wp-content\/uploads\/2015\/02\/IMG_5594-1024x768.jpg\" alt=\"IMG_5594\" width=\"200\" height=\"152\" \/><\/a><\/p>\n<p>&nbsp;<\/p>\n<p>&nbsp;<\/p>\n<p>&nbsp;<\/p>\n<p>&nbsp;<\/p>\n<p>&nbsp;<\/p>\n<ol>\n<li><strong>Kieler Schlossgarten-Turnier am 20. September 2015<\/strong><\/li>\n<\/ol>\n<p>Dreizehn Teams waren am Start und spielten vier Runden nach dem Schweizer System. Gelegentlich spielte die Technik einen Streich, was der Freude am Spiel in diesem sch\u00f6nen Park keinen Abbruch tat. Am Ende wurden Peter und Hans-J\u00fcrgen als Sieger gekr\u00f6nt. Wenn schon kein eigenes Schloss, dann wenigstens eine Krone.<\/p>\n<p><a href=\"https:\/\/www.petanque-kronshagen.de\/wp-content\/uploads\/2015\/09\/cid_5CA64211-DF2D-4C5B-AC81-A9043611CC87-e1442774817276.jpg\"><img loading=\"lazy\" decoding=\"async\" class=\"wp-image-1018 alignleft\" src=\"\/wp-content\/uploads\/2015\/09\/cid_5CA64211-DF2D-4C5B-AC81-A9043611CC87-e1442774817276.jpg\" alt=\"!cid_5CA64211-DF2D-4C5B-AC81-A9043611CC87\" width=\"195\" height=\"113\" \/><\/a><\/p>\n<p>&nbsp;<\/p>\n<p>&nbsp;<\/p>\n<p>&nbsp;<\/p>\n<p>&nbsp;<\/p>\n<p><strong>Deutsch-schwedisches Turnier in Karlshamn am 15. Mai 2015<\/strong><\/p>\n<p>Eine f\u00fcnfk\u00f6pfige Delegation unserer Spielgemeinschaft reiste \u00fcber Himmelfahrt nach\u00a0Schweden, um dort in einem Freundschaftsspiel gegen den Boule-Verein Karlshamn anzutreten. Gepr\u00e4gt war das Treffen von Gastfreundschaft und der Idee des gemeinschaftlichen Spiels. Drei der vier ausgelobten Preise gingen an das Team der Spielgemeinschaft.<\/p>\n<p><strong>\u00a0<\/strong><\/p>\n<p><strong>Deutsch-schwedisches Turnier am 29. M\u00e4rz 2015<\/strong><\/p>\n<p>Zur Verabschiedung als Vorsitzender f\u00fcr das Winterhalbjahr und anl\u00e4sslich seines bevorstehenden Aufenthalts in Schweden hat\u00a0\u00a0Wolfgang der\u00a0Spielgemeinschaft\u00a0ein perfektes Turnier mit leckerem schwedischen Imbiss und vielen Preisen original schwedischer Herkunft geboten. Alle TeilnehmerInnen haben sich als wetterfest erwiesen.<br \/>\n<img loading=\"lazy\" decoding=\"async\" class=\" alignleft wp-image-445 size-thumbnail\" src=\"\/wp-content\/uploads\/2015\/02\/IMG_5405-150x150.jpg\" alt=\"IMG_5405\" width=\"150\" height=\"150\" \/><\/p>\n<p>&nbsp;<\/p>\n<p>&nbsp;<\/p>\n<p>&nbsp;<\/p>\n<p>&nbsp;<\/p>\n<p>&nbsp;<\/p>\n<p><a href=\"https:\/\/www.petanque-kronshagen.de\/?attachment_id=1418\" rel=\"attachment wp-att-1418\"><img loading=\"lazy\" decoding=\"async\" class=\"wp-image-1418 alignleft\" src=\"\/wp-content\/uploads\/2015\/02\/img_SPK-logo.jpg\" alt=\"img_SPK-logo\" width=\"126\" height=\"142\" \/><\/a><\/p>\n<p>&nbsp;<\/p>\n<p>&nbsp;<\/p>\n<p><a href=\"mailto:petanque.kronshagen@gmail.com\">petanque.kronshagen@gmail.com<\/a><a href=\"mailto:kontakt@www.petanque-kronshagen.de\"><\/a><\/p>\n","protected":false},"excerpt":{"rendered":"<p>\u00a0 Gewinner Saisoner\u00f6ffnungs-Turnier 2017 &nbsp; &nbsp; &nbsp; &nbsp; &nbsp; 09. April 2017 &#8211; 24. September 2017 Jubil\u00e4umsjahr-Sonntags-Punktspiele nur f\u00fcr Mitglieder mit Anmeldung &nbsp; 28. Juli 2017, 18.00 Uhr Jubil\u00e4umsfeier zum drei\u00dfigj\u00e4hrigen Bestehen der Spielgemeinschaft P\u00e9tanque Kronshagen Restaurant Alssos, Kopperpahler Teich 9, 24118 Kiel mit Einladung &nbsp; &nbsp; &nbsp; &nbsp; &nbsp; &#8230;<\/p>\n","protected":false},"author":5,"featured_media":0,"parent":0,"menu_order":0,"comment_status":"closed","ping_status":"open","template":"","meta":{"_bbp_topic_count":0,"_bbp_reply_count":0,"_bbp_total_topic_count":0,"_bbp_total_reply_count":0,"_bbp_voice_count":0,"_bbp_anonymous_reply_count":0,"_bbp_topic_count_hidden":0,"_bbp_reply_count_hidden":0,"_bbp_forum_subforum_count":0,"ngg_post_thumbnail":0,"footnotes":""},"class_list":["post-134","page","type-page","status-publish","hentry","column","threecol"],"_links":{"self":[{"href":"https:\/\/www.petanque-kronshagen.de\/index.php?rest_route=\/wp\/v2\/pages\/134","targetHints":{"allow":["GET"]}}],"collection":[{"href":"https:\/\/www.petanque-kronshagen.de\/index.php?rest_route=\/wp\/v2\/pages"}],"about":[{"href":"https:\/\/www.petanque-kronshagen.de\/index.php?rest_route=\/wp\/v2\/types\/page"}],"author":[{"embeddable":true,"href":"https:\/\/www.petanque-kronshagen.de\/index.php?rest_route=\/wp\/v2\/users\/5"}],"replies":[{"embeddable":true,"href":"https:\/\/www.petanque-kronshagen.de\/index.php?rest_route=%2Fwp%2Fv2%2Fcomments&post=134"}],"version-history":[{"count":232,"href":"https:\/\/www.petanque-kronshagen.de\/index.php?rest_route=\/wp\/v2\/pages\/134\/revisions"}],"predecessor-version":[{"id":1962,"href":"https:\/\/www.petanque-kronshagen.de\/index.php?rest_route=\/wp\/v2\/pages\/134\/revisions\/1962"}],"wp:attachment":[{"href":"https:\/\/www.petanque-kronshagen.de\/index.php?rest_route=%2Fwp%2Fv2%2Fmedia&parent=134"}],"curies":[{"name":"wp","href":"https:\/\/api.w.org\/{rel}","templated":true}]}}