{"id":132,"date":"2015-02-03T10:49:25","date_gmt":"2015-02-03T10:49:25","guid":{"rendered":"http:\/\/www.petanque-kronshagen.de\/?page_id=132"},"modified":"2017-12-12T20:36:18","modified_gmt":"2017-12-12T20:36:18","slug":"impressum","status":"publish","type":"page","link":"https:\/\/www.petanque-kronshagen.de\/?page_id=132","title":{"rendered":"Impressum"},"content":{"rendered":"<p>verantwortlich f\u00fcr den Inhalt:<\/p>\n<p>Nikolai Ryll<\/p>\n<p>Harmsstr. 127<\/p>\n<p>24114 Kiel<\/p>\n<p>Tel. 0431-240 72 30<\/p>\n<p>&nbsp;<\/p>\n<p>Auf den Inhalt\u00a0der Links zu externen Webseiten Dritter haben wir keinen Einfluss. Es sind ausschlie\u00dflich deren Betreiber verantwortlich. Deshalb \u00fcbernehmen wir f\u00fcr diese fremden Inhalte keine Gew\u00e4hr.\u00a0Links dienen nur dem Komfort der Nutzerinnen und Nutzer und bedeuten nicht, dass wir uns mit den dort dargestellten Inhalten einverstanden erkl\u00e4ren. Bei Bekanntwerden von Rechtsverletzungen werden wir derartige Links umgehend entfernen.<\/p>\n<p>Alle Fotos sind Eigentum der Spielgemeinschaft oder wurden von den Urhebern kostenlos zur Nutzung zur Verf\u00fcgung gestellt. Jede Art der Verwertung durch Dritte bedarf der schriftlichen Zustimmung der Spielgemeinschaft bzw. der Urheber.<\/p>\n<p>&nbsp;<\/p>\n<p>&nbsp;<\/p>\n<p><a href=\"https:\/\/www.petanque-kronshagen.de\/?attachment_id=1418\" rel=\"attachment wp-att-1418\"><img loading=\"lazy\" decoding=\"async\" class=\"wp-image-1418 alignleft\" src=\"\/wp-content\/uploads\/2015\/02\/img_SPK-logo.jpg\" alt=\"img_SPK-logo\" width=\"128\" height=\"144\" \/><\/a><\/p>\n<p>&nbsp;<\/p>\n<p>&nbsp;<\/p>\n<p><a href=\"mailto:petanque.kronshagen@gmail.com\">petanque.kronshagen@gmail.com<\/a><\/p>\n","protected":false},"excerpt":{"rendered":"<p>verantwortlich f\u00fcr den Inhalt: Nikolai Ryll Harmsstr. 127 24114 Kiel Tel. 0431-240 72 30 &nbsp; Auf den Inhalt\u00a0der Links zu externen Webseiten Dritter haben wir keinen Einfluss. Es sind ausschlie\u00dflich deren Betreiber verantwortlich. Deshalb \u00fcbernehmen wir f\u00fcr diese fremden Inhalte keine Gew\u00e4hr.\u00a0Links dienen nur dem Komfort der Nutzerinnen und Nutzer &#8230;<\/p>\n","protected":false},"author":5,"featured_media":0,"parent":0,"menu_order":0,"comment_status":"closed","ping_status":"open","template":"","meta":{"_bbp_topic_count":0,"_bbp_reply_count":0,"_bbp_total_topic_count":0,"_bbp_total_reply_count":0,"_bbp_voice_count":0,"_bbp_anonymous_reply_count":0,"_bbp_topic_count_hidden":0,"_bbp_reply_count_hidden":0,"_bbp_forum_subforum_count":0,"ngg_post_thumbnail":0,"footnotes":""},"class_list":["post-132","page","type-page","status-publish","hentry","column","threecol"],"_links":{"self":[{"href":"https:\/\/www.petanque-kronshagen.de\/index.php?rest_route=\/wp\/v2\/pages\/132","targetHints":{"allow":["GET"]}}],"collection":[{"href":"https:\/\/www.petanque-kronshagen.de\/index.php?rest_route=\/wp\/v2\/pages"}],"about":[{"href":"https:\/\/www.petanque-kronshagen.de\/index.php?rest_route=\/wp\/v2\/types\/page"}],"author":[{"embeddable":true,"href":"https:\/\/www.petanque-kronshagen.de\/index.php?rest_route=\/wp\/v2\/users\/5"}],"replies":[{"embeddable":true,"href":"https:\/\/www.petanque-kronshagen.de\/index.php?rest_route=%2Fwp%2Fv2%2Fcomments&post=132"}],"version-history":[{"count":19,"href":"https:\/\/www.petanque-kronshagen.de\/index.php?rest_route=\/wp\/v2\/pages\/132\/revisions"}],"predecessor-version":[{"id":1881,"href":"https:\/\/www.petanque-kronshagen.de\/index.php?rest_route=\/wp\/v2\/pages\/132\/revisions\/1881"}],"wp:attachment":[{"href":"https:\/\/www.petanque-kronshagen.de\/index.php?rest_route=%2Fwp%2Fv2%2Fmedia&parent=132"}],"curies":[{"name":"wp","href":"https:\/\/api.w.org\/{rel}","templated":true}]}}